{"id":12108,"date":"2024-06-27T12:57:32","date_gmt":"2024-06-27T17:57:32","guid":{"rendered":"https:\/\/www.kleanvet.co\/?page_id=12108"},"modified":"2025-04-30T11:18:38","modified_gmt":"2025-04-30T16:18:38","slug":"testimonios","status":"publish","type":"page","link":"https:\/\/latin.kleanvet.co\/br\/testimonios\/","title":{"rendered":"Testimonios"},"content":{"rendered":"\t\t<div data-elementor-type=\"wp-page\" data-elementor-id=\"12108\" class=\"elementor elementor-12108\" data-elementor-post-type=\"page\">\n\t\t\t\t<div class=\"elementor-element elementor-element-efb3a37 e-con-full e-flex e-con e-parent\" data-id=\"efb3a37\" data-element_type=\"container\" data-e-type=\"container\" data-settings=\"{&quot;background_background&quot;:&quot;classic&quot;}\">\n\t\t<div class=\"elementor-element elementor-element-13d101f e-con-full e-flex e-con e-child\" data-id=\"13d101f\" data-element_type=\"container\" data-e-type=\"container\" data-settings=\"{&quot;background_background&quot;:&quot;classic&quot;}\">\n\t\t\t\t<div class=\"elementor-element elementor-element-ae8b28a elementor-widget elementor-widget-heading\" data-id=\"ae8b28a\" data-element_type=\"widget\" data-e-type=\"widget\" data-widget_type=\"heading.default\">\n\t\t\t\t<div class=\"elementor-widget-container\">\n\t\t\t\t\t<h2 class=\"elementor-heading-title elementor-size-default\">Depoimentos de pacientes tratados com <strong>Klean-Vet\u00ae<\/strong><\/h2>\t\t\t\t<\/div>\n\t\t\t\t<\/div>\n\t\t\t\t<div class=\"elementor-element elementor-element-89e78c6 elementor-widget elementor-widget-shortcode\" data-id=\"89e78c6\" data-element_type=\"widget\" data-e-type=\"widget\" data-widget_type=\"shortcode.default\">\n\t\t\t\t<div class=\"elementor-widget-container\">\n\t\t\t\t\t\t\t<div class=\"elementor-shortcode\"><iframe defer height=\"800px\" id='testimonialto-klean-vet-tag-all-light-animated' src=\"https:\/\/embed-v2.testimonial.to\/w\/klean-vet?animated=on&theme=light&shadowColor=007e8b &speed=1&hideDate=on&hideSource&tag=all\" frameborder=\"0\" scrolling=\"yes\" width=\"100%\"><\/iframe><\/div>\n\t\t\t\t\t\t<\/div>\n\t\t\t\t<\/div>\n\t\t\t\t<\/div>\n\t\t\t\t<\/div>\n\t\t<div class=\"elementor-element elementor-element-1c90477 e-flex e-con-boxed e-con e-parent\" data-id=\"1c90477\" data-element_type=\"container\" data-e-type=\"container\" data-settings=\"{&quot;background_background&quot;:&quot;classic&quot;}\">\n\t\t\t\t\t<div class=\"e-con-inner\">\n\t\t<div class=\"elementor-element elementor-element-78c1ba5 e-con-full e-flex e-con e-child\" data-id=\"78c1ba5\" data-element_type=\"container\" data-e-type=\"container\" data-settings=\"{&quot;background_background&quot;:&quot;classic&quot;}\">\n\t\t\t\t<div class=\"elementor-element elementor-element-173822e elementor-widget-tablet__width-initial elementor-widget elementor-widget-heading\" data-id=\"173822e\" data-element_type=\"widget\" data-e-type=\"widget\" data-widget_type=\"heading.default\">\n\t\t\t\t<div class=\"elementor-widget-container\">\n\t\t\t\t\t<h2 class=\"elementor-heading-title elementor-size-default\">Na vanguarda do <strong>cuidado com os animais<\/strong><\/h2>\t\t\t\t<\/div>\n\t\t\t\t<\/div>\n\t\t\t\t<div class=\"elementor-element elementor-element-1e0016e elementor-widget-tablet__width-initial elementor-widget elementor-widget-text-editor\" data-id=\"1e0016e\" data-element_type=\"widget\" data-e-type=\"widget\" data-widget_type=\"text-editor.default\">\n\t\t\t\t<div class=\"elementor-widget-container\">\n\t\t\t\t\t\t\t\t\t<p>Na<strong> Klean-Vet\u00ae<\/strong>desafiamos os limites do atendimento veterin\u00e1rio e buscamos alternativas eficazes e inovadoras para o bem-estar dos animais de estima\u00e7\u00e3o.<\/p><p>Reinventamos o paradigma, aproveitamos o potencial terap\u00eautico da fitoterapia e melhoramos a qualidade de vida dos animais.<\/p>\t\t\t\t\t\t\t\t<\/div>\n\t\t\t\t<\/div>\n\t\t\t\t<div class=\"elementor-element elementor-element-d5fc01b elementor-position-inline-start elementor-widescreen-position-inline-start elementor-mobile-position-inline-start elementor-view-default elementor-widget elementor-widget-icon-box\" data-id=\"d5fc01b\" data-element_type=\"widget\" data-e-type=\"widget\" data-widget_type=\"icon-box.default\">\n\t\t\t\t<div class=\"elementor-widget-container\">\n\t\t\t\t\t\t\t<div class=\"elementor-icon-box-wrapper\">\n\n\t\t\t\t\t\t<div class=\"elementor-icon-box-icon\">\n\t\t\t\t<span  class=\"elementor-icon\">\n\t\t\t\t<i aria-hidden=\"true\" class=\"far fa-clock\"><\/i>\t\t\t\t<\/span>\n\t\t\t<\/div>\n\t\t\t\n\t\t\t\t\t\t<div class=\"elementor-icon-box-content\">\n\n\t\t\t\t\t\t\t\t\t<h3 class=\"elementor-icon-box-title\">\n\t\t\t\t\t\t<span  >\n\t\t\t\t\t\t\tHorarios de atenci\u00f3n\t\t\t\t\t\t<\/span>\n\t\t\t\t\t<\/h3>\n\t\t\t\t\n\t\t\t\t\n\t\t\t<\/div>\n\t\t\t\n\t\t<\/div>\n\t\t\t\t\t\t<\/div>\n\t\t\t\t<\/div>\n\t\t<div class=\"elementor-element elementor-element-ffe71e6 e-con-full e-flex e-con e-child\" data-id=\"ffe71e6\" data-element_type=\"container\" data-e-type=\"container\">\n\t\t<div class=\"elementor-element elementor-element-2a254c0 e-con-full e-flex e-con e-child\" data-id=\"2a254c0\" data-element_type=\"container\" data-e-type=\"container\">\n\t\t\t\t<div class=\"elementor-element elementor-element-22981be elementor-widget elementor-widget-text-editor\" data-id=\"22981be\" data-element_type=\"widget\" data-e-type=\"widget\" data-widget_type=\"text-editor.default\">\n\t\t\t\t<div class=\"elementor-widget-container\">\n\t\t\t\t\t\t\t\t\t<p>De segunda a sexta-feira: <span style=\"font-weight: 400; color: #333f3f;\">8:00 am &#8211; 8:00 pm<br \/><\/span>S\u00e1bado: <span style=\"font-weight: 400; color: #333f3f;\">9:00 am &#8211; 6:00 pm<br \/><\/span>Domingos e feriados: <span style=\"font-weight: 400; color: #333f3f;\">10:00 am &#8211; 5:00 pm<\/span><\/p>\t\t\t\t\t\t\t\t<\/div>\n\t\t\t\t<\/div>\n\t\t\t\t<\/div>\n\t\t\t\t<\/div>\n\t\t\t\t<div class=\"elementor-element elementor-element-563fa0e e-transform elementor-align-left boton94 elementor-widget elementor-widget-elementskit-button\" data-id=\"563fa0e\" data-element_type=\"widget\" data-e-type=\"widget\" data-settings=\"{&quot;_transform_scale_effect_hover&quot;:{&quot;unit&quot;:&quot;px&quot;,&quot;size&quot;:&quot;1.1&quot;,&quot;sizes&quot;:[]},&quot;_transform_scale_effect_hover_widescreen&quot;:{&quot;unit&quot;:&quot;px&quot;,&quot;size&quot;:&quot;&quot;,&quot;sizes&quot;:[]},&quot;_transform_scale_effect_hover_tablet&quot;:{&quot;unit&quot;:&quot;px&quot;,&quot;size&quot;:&quot;&quot;,&quot;sizes&quot;:[]},&quot;_transform_scale_effect_hover_mobile&quot;:{&quot;unit&quot;:&quot;px&quot;,&quot;size&quot;:&quot;&quot;,&quot;sizes&quot;:[]}}\" data-widget_type=\"elementskit-button.default\">\n\t\t\t\t<div class=\"elementor-widget-container\">\n\t\t\t\t\t<div class=\"ekit-wid-con\" >\t\t<div class=\"ekit-btn-wraper\">\n\t\t\t\t\t\t\t<a href=\"https:\/\/wa.link\/fcmgob\" target=\"_blank\" rel=\"nofollow noopener\" class=\"elementskit-btn botonChat whitespace--normal\" id=\"prueba\">\n\t\t\t\t\t<i class=\"fab fa-whatsapp\"><\/i>Quero conversar com um consultor\t\t\t\t<\/a>\n\t\t\t\t\t<\/div>\n        <\/div>\t\t\t\t<\/div>\n\t\t\t\t<\/div>\n\t\t\t\t<\/div>\n\t\t\t\t\t<\/div>\n\t\t\t\t<\/div>\n\t\t\t\t<\/div>\n\t\t","protected":false},"excerpt":{"rendered":"<p>Depoimentos de pacientes tratados com Klean-Vet\u00ae Na vanguarda do cuidado com os animais Na Klean-Vet\u00aedesafiamos os limites do atendimento veterin\u00e1rio e buscamos alternativas eficazes e inovadoras para o bem-estar dos animais de estima\u00e7\u00e3o. Reinventamos o paradigma, aproveitamos o potencial terap\u00eautico da fitoterapia e melhoramos a qualidade de vida dos animais. Horarios de atenci\u00f3n De segunda [&hellip;]<\/p>\n","protected":false},"author":7,"featured_media":454,"parent":0,"menu_order":0,"comment_status":"closed","ping_status":"closed","template":"","meta":{"footnotes":""},"class_list":["post-12108","page","type-page","status-publish","has-post-thumbnail","hentry"],"_links":{"self":[{"href":"https:\/\/latin.kleanvet.co\/br\/wp-json\/wp\/v2\/pages\/12108","targetHints":{"allow":["GET"]}}],"collection":[{"href":"https:\/\/latin.kleanvet.co\/br\/wp-json\/wp\/v2\/pages"}],"about":[{"href":"https:\/\/latin.kleanvet.co\/br\/wp-json\/wp\/v2\/types\/page"}],"author":[{"embeddable":true,"href":"https:\/\/latin.kleanvet.co\/br\/wp-json\/wp\/v2\/users\/7"}],"replies":[{"embeddable":true,"href":"https:\/\/latin.kleanvet.co\/br\/wp-json\/wp\/v2\/comments?post=12108"}],"version-history":[{"count":12,"href":"https:\/\/latin.kleanvet.co\/br\/wp-json\/wp\/v2\/pages\/12108\/revisions"}],"predecessor-version":[{"id":17924,"href":"https:\/\/latin.kleanvet.co\/br\/wp-json\/wp\/v2\/pages\/12108\/revisions\/17924"}],"wp:featuredmedia":[{"embeddable":true,"href":"https:\/\/latin.kleanvet.co\/br\/wp-json\/wp\/v2\/media\/454"}],"wp:attachment":[{"href":"https:\/\/latin.kleanvet.co\/br\/wp-json\/wp\/v2\/media?parent=12108"}],"curies":[{"name":"wp","href":"https:\/\/api.w.org\/{rel}","templated":true}]}}